{"id":9,"date":"2023-09-07T18:08:36","date_gmt":"2023-09-07T16:08:36","guid":{"rendered":"https:\/\/kazundo.fr\/?page_id=9"},"modified":"2023-09-14T15:57:57","modified_gmt":"2023-09-14T13:57:57","slug":"about-me","status":"publish","type":"page","link":"https:\/\/kazundo.fr\/blog\/?page_id=9","title":{"rendered":"about me"},"content":{"rendered":"\n<p class=\"has-text-align-center wp-block-paragraph\">Bonjour \u00e0 tous ! Bienvenue sur mon blog personnel d\u00e9di\u00e9 \u00e0 la programmation informatique et \u00e0 l&rsquo;\u00e9thique du hacking. Je suis passionn\u00e9 par le monde de la technologie\u00a0<\/p>\n\n\n\n<p class=\"has-text-align-center wp-block-paragraph\"> ce blog est mon espace pour partager mes connaissances, mes exp\u00e9riences et mes d\u00e9couvertes dans ces domaines fascinants. Que vous soyez un programmeur \u00e0 la recherche de tutoriels pratiques, un passionn\u00e9 de cybers\u00e9curit\u00e9 soucieux de comprendre les tenants et les aboutissants de l&rsquo;\u00e9thique du hacking, ou simplement curieux des derni\u00e8res avanc\u00e9es technologiques, vous trouverez ici des articles informatifs, des astuces et des r\u00e9flexions. Mon objectif est de cr\u00e9er une communaut\u00e9 o\u00f9 nous pouvons explorer ensemble le vaste univers de la programmation et de la s\u00e9curit\u00e9 informatique tout en mettant l&rsquo;accent sur l&rsquo;\u00e9thique et la l\u00e9galit\u00e9. Rejoignez-moi dans cette aventure passionnante pour approfondir vos comp\u00e9tences et votre compr\u00e9hension de ces sujets captivants !\u00a0\u00bb<\/p>\n","protected":false},"excerpt":{"rendered":"<p>Bonjour \u00e0 tous ! Bienvenue sur mon blog personnel d\u00e9di\u00e9 \u00e0 la programmation informatique et \u00e0 l&rsquo;\u00e9thique du hacking. Je suis passionn\u00e9 par le monde de la technologie\u00a0 ce blog est mon espace pour partager mes connaissances, mes exp\u00e9riences et mes d\u00e9couvertes dans ces domaines fascinants. Que vous soyez un programmeur \u00e0 la recherche de [&hellip;]<\/p>\n","protected":false},"author":1,"featured_media":0,"parent":0,"menu_order":0,"comment_status":"closed","ping_status":"closed","template":"","meta":{"footnotes":""},"class_list":["post-9","page","type-page","status-publish","hentry"],"blocksy_meta":[],"_links":{"self":[{"href":"https:\/\/kazundo.fr\/blog\/index.php?rest_route=\/wp\/v2\/pages\/9","targetHints":{"allow":["GET"]}}],"collection":[{"href":"https:\/\/kazundo.fr\/blog\/index.php?rest_route=\/wp\/v2\/pages"}],"about":[{"href":"https:\/\/kazundo.fr\/blog\/index.php?rest_route=\/wp\/v2\/types\/page"}],"author":[{"embeddable":true,"href":"https:\/\/kazundo.fr\/blog\/index.php?rest_route=\/wp\/v2\/users\/1"}],"replies":[{"embeddable":true,"href":"https:\/\/kazundo.fr\/blog\/index.php?rest_route=%2Fwp%2Fv2%2Fcomments&post=9"}],"version-history":[{"count":3,"href":"https:\/\/kazundo.fr\/blog\/index.php?rest_route=\/wp\/v2\/pages\/9\/revisions"}],"predecessor-version":[{"id":74,"href":"https:\/\/kazundo.fr\/blog\/index.php?rest_route=\/wp\/v2\/pages\/9\/revisions\/74"}],"wp:attachment":[{"href":"https:\/\/kazundo.fr\/blog\/index.php?rest_route=%2Fwp%2Fv2%2Fmedia&parent=9"}],"curies":[{"name":"wp","href":"https:\/\/api.w.org\/{rel}","templated":true}]}}